{"id":1719,"date":"2021-02-28T04:14:57","date_gmt":"2021-02-28T04:14:57","guid":{"rendered":"http:\/\/rincondecuriosidades.com\/?post_type=product&#038;p=1719"},"modified":"2021-02-28T04:14:58","modified_gmt":"2021-02-28T04:14:58","slug":"acido-hialuronico","status":"publish","type":"product","link":"http:\/\/rincondecuriosidades.com\/index.php\/product\/acido-hialuronico\/","title":{"rendered":"\u00c1cido Hialur\u00f3nico"},"content":{"rendered":"<p>\u00c1cido Hialur\u00f3nico<\/p>\n","protected":false},"excerpt":{"rendered":"<p>\u00c1cido Hialur\u00f3nico<\/p>\n","protected":false},"featured_media":1715,"comment_status":"open","ping_status":"closed","template":"","meta":[],"class_list":["post-1719","product","type-product","status-publish","has-post-thumbnail","hentry","product_cat-serum","shop-item","isotope-item"],"_links":{"self":[{"href":"http:\/\/rincondecuriosidades.com\/index.php\/wp-json\/wp\/v2\/product\/1719","targetHints":{"allow":["GET"]}}],"collection":[{"href":"http:\/\/rincondecuriosidades.com\/index.php\/wp-json\/wp\/v2\/product"}],"about":[{"href":"http:\/\/rincondecuriosidades.com\/index.php\/wp-json\/wp\/v2\/types\/product"}],"replies":[{"embeddable":true,"href":"http:\/\/rincondecuriosidades.com\/index.php\/wp-json\/wp\/v2\/comments?post=1719"}],"wp:featuredmedia":[{"embeddable":true,"href":"http:\/\/rincondecuriosidades.com\/index.php\/wp-json\/wp\/v2\/media\/1715"}],"wp:attachment":[{"href":"http:\/\/rincondecuriosidades.com\/index.php\/wp-json\/wp\/v2\/media?parent=1719"}],"curies":[{"name":"wp","href":"https:\/\/api.w.org\/{rel}","templated":true}]}}